{"id":335,"date":"2018-01-24T16:22:46","date_gmt":"2018-01-24T15:22:46","guid":{"rendered":"http:\/\/www.gruppoferrero.it\/il-gruppo\/"},"modified":"2024-09-02T07:58:20","modified_gmt":"2024-09-02T05:58:20","slug":"grupo","status":"publish","type":"page","link":"https:\/\/www.gruppoferrero.it\/es\/grupo\/","title":{"rendered":"Grupo"},"content":{"rendered":"<\/div><\/div><\/div><!-- close content main div --><\/div><\/div><div id='av_section_1' class='avia-section main_color avia-section-default avia-no-border-styling avia-full-stretch av-parallax-section av-section-color-overlay-active avia-bg-style-parallax  ht-section-top ht-page-about ht-group-section-top  av-minimum-height av-minimum-height-100 container_wrap sidebar_right'  data-section-bg-repeat='stretch' ><div class='av-parallax' data-avia-parallax-ratio='0.3' ><div class='av-parallax-inner main_color  avia-full-stretch' style = 'background-repeat: no-repeat; background-image: url(https:\/\/www.gruppoferrero.it\/wp-content\/uploads\/2018\/02\/IMG_0022.jpg); background-attachment: scroll; background-position: center center; ' ><\/div><\/div><div class='av-section-color-overlay-wrap'><div class='av-section-color-overlay' style='opacity: 1; background-image: url(https:\/\/www.gruppoferrero.it\/wp-content\/uploads\/2018\/07\/download-1.png); background-repeat: repeat;'><\/div><a href='#next-section' title='' class='scroll-down-link  av-custom-scroll-down-color' style='color: #ffffff;' aria-hidden='true' data-av_icon='\ue877' data-av_iconfont='entypo-fontello'><\/a><div class='container' ><div class='template-page content  av-content-small alpha units'><div class='post-entry post-entry-type-page post-entry-335'><div class='entry-content-wrapper clearfix'>\n<div class=\"flex_column av_one_half  flex_column_div av-zero-column-padding first   \" style='border-radius:0px; '><p><div style='padding-bottom:0px;color:#ffffff;' class='av-special-heading av-special-heading-h1 custom-color-heading blockquote modern-quote   '><h1 class='av-special-heading-tag '  itemprop=\"headline\"  >Grupo<\/h1><div class='special-heading-border'><div class='special-heading-inner-border' style='border-color:#ffffff'><\/div><\/div><\/div><br \/>\n<section class=\"av_textblock_section \"  itemscope=\"itemscope\" itemtype=\"https:\/\/schema.org\/CreativeWork\" ><div class='avia_textblock  av_inherit_color '  style='color:#ffffff; '  itemprop=\"text\" ><p class=\"p1\"><span class=\"s1\">El <strong>Grupo Ferrero<\/strong> naci\u00f3 durante los a\u00f1os de la posguerra en el sector sider\u00fargico y con el tiempo lleg\u00f3 a ser una de las empresas m\u00e1s importantes a nivel europeo en la producci\u00f3n de acero para productos largos.<\/span><\/p>\n<\/div><\/section><br \/>\n<div style='height:50px' class='hr hr-invisible  '><span class='hr-inner ' ><span class='hr-inner-style'><\/span><\/span><\/div><\/p><\/div><div class=\"flex_column av_one_half  flex_column_div av-zero-column-padding   \" style='border-radius:0px; '><\/div>\n<\/div><\/div><\/div><!-- close content main div --><\/div><\/div><\/div><div id='after_section_1' class='main_color av_default_container_wrap container_wrap sidebar_right'   ><div class='container' ><div class='template-page content  av-content-small alpha units'><div class='post-entry post-entry-type-page post-entry-335'><div class='entry-content-wrapper clearfix'>\n<\/div><\/div><\/div><!-- close content main div --><\/div><\/div><div id='av_section_2' class='avia-section main_color avia-section-default avia-no-border-styling avia-full-stretch av-parallax-section av-section-color-overlay-active avia-bg-style-parallax  ht-page-about ht-section-bottom  av-minimum-height av-minimum-height-100 container_wrap sidebar_right'  data-section-bg-repeat='stretch' ><div class='av-parallax' data-avia-parallax-ratio='0.3' ><div class='av-parallax-inner main_color  avia-full-stretch' style = 'background-repeat: no-repeat; background-image: url(https:\/\/www.gruppoferrero.it\/wp-content\/uploads\/2018\/02\/820A2794ok-copia-piccola.jpg); background-attachment: scroll; background-position: center center; ' ><\/div><\/div><div class='av-section-color-overlay-wrap'><div class='av-section-color-overlay' style='opacity: 1; background-image: url(https:\/\/www.gruppoferrero.it\/wp-content\/uploads\/2018\/07\/web-gruppo-ferrero-azzurro_LISA_03_02.png); background-repeat: repeat;'><\/div><div class='container' ><div class='template-page content  av-content-small alpha units'><div class='post-entry post-entry-type-page post-entry-335'><div class='entry-content-wrapper clearfix'>\n<div class=\"flex_column av_one_half  flex_column_div av-zero-column-padding first  \" style='border-radius:0px; '><\/div><div class=\"flex_column av_one_half  flex_column_div av-zero-column-padding   \" style='border-radius:0px; '><section class=\"av_textblock_section \"  itemscope=\"itemscope\" itemtype=\"https:\/\/schema.org\/CreativeWork\" ><div class='avia_textblock  av_inherit_color '  style='color:#ffffff; '  itemprop=\"text\" ><p class=\"p1\"><span class=\"s1\">En 2001 abandon\u00f3 la producci\u00f3n sider\u00fargica para invertir en el sector de las<strong> fuentes de energ\u00eda de renovables<\/strong> (hidroel\u00e9ctrica), hoy actividad principal de la empresa tanto en Italia como en el exterior. <\/span><\/p>\n<\/div><\/section><br \/>\n<div style='height:50px' class='hr hr-invisible  '><span class='hr-inner ' ><span class='hr-inner-style'><\/span><\/span><\/div><br \/>\n<div style='padding-bottom:0px;color:#ffffff;' class='av-special-heading av-special-heading-h2 custom-color-heading blockquote modern-quote   '><h2 class='av-special-heading-tag '  itemprop=\"headline\"  >Empresas<\/h2><div class='special-heading-border'><div class='special-heading-inner-border' style='border-color:#ffffff'><\/div><\/div><\/div><br \/>\n<section class=\"av_textblock_section \"  itemscope=\"itemscope\" itemtype=\"https:\/\/schema.org\/CreativeWork\" ><div class='avia_textblock  av_inherit_color '  style='color:#ffffff; '  itemprop=\"text\" ><p class=\"p1\"><span class=\"s1\">A lo largo de los a\u00f1os, la empresa trabaj\u00f3 en diferentes sectores: actividades inmobiliarias y agr\u00edcolas en Italia y en el exterior, participaciones financieras, negociaciones burs\u00e1tiles, distribuci\u00f3n sider\u00fargica y asesoramiento financiero y administrativo.<\/span><\/p>\n<\/div><\/section><br \/>\n<div style='height:50px' class='hr hr-invisible  '><span class='hr-inner ' ><span class='hr-inner-style'><\/span><\/span><\/div><\/p><\/div><div class=\"flex_column av_one_third  flex_column_div av-zero-column-padding first  \" style='border-radius:0px; '><div class='avia-button-wrap avia-button-center  '><a href='http:\/\/www.sicofer.it\/es\/' class='avia-button   avia-icon_select-no avia-color-dark avia-size-x-large avia-position-center '  target=\"_blank\"   ><span class='avia_iconbox_title' >Sicofer s.r.l.<\/span><\/a><\/div><\/div><div class=\"flex_column av_one_third  flex_column_div av-zero-column-padding    \" style='border-radius:0px; '><div class='avia-button-wrap avia-button-center  '><a href='http:\/\/www.siedenergia.it\/es\/' class='avia-button   avia-icon_select-no avia-color-dark avia-size-x-large avia-position-center '  target=\"_blank\"   ><span class='avia_iconbox_title' >Sied S.p.A.<\/span><\/a><\/div><\/div><div class=\"flex_column av_one_third  flex_column_div av-zero-column-padding    \" style='border-radius:0px; '><div class='avia-button-wrap avia-button-center  '><a href='http:\/\/www.siedchile.cl\/es\/' class='avia-button   avia-icon_select-no avia-color-dark avia-size-x-large avia-position-center '  target=\"_blank\"   ><span class='avia_iconbox_title' >Sied Chile S.p.A.<\/span><\/a><\/div><\/div><div class='flex_column_table av-equal-height-column-flextable -flextable' ><div class=\"flex_column av_one_third  flex_column_table_cell av-equal-height-column av-align-middle av-zero-column-padding first   \" style='border-radius:0px; '><div class='avia-button-wrap avia-button-center  '><a href='http:\/\/www.agriocchio.it\/es\/' class='avia-button   avia-icon_select-no avia-color-dark avia-size-x-large avia-position-center '  target=\"_blank\"   ><span class='avia_iconbox_title' >Azienda Agricola Occhio s.r.l.<\/span><\/a><\/div><\/div><\/div><!--close column table wrapper. Autoclose: 1 --><div class='flex_column_table av-equal-height-column-flextable -flextable' ><div class='av-flex-placeholder'><\/div><div class=\"flex_column av_one_third  flex_column_table_cell av-equal-height-column av-align-middle av-zero-column-padding    \" style='border-radius:0px; '><div class='avia-button-wrap avia-button-center  '><a href='https:\/\/www.gruppoferrero.it\/es\/so-ge-cam-srl\/' class='avia-button   avia-icon_select-no avia-color-dark avia-size-x-large avia-position-center '  target=\"_blank\"   ><span class='avia_iconbox_title' >So.Ge.Cam s.r.l.<\/span><\/a><\/div><\/div><\/div><!--close column table wrapper. Autoclose: 1 --><div class='flex_column_table av-equal-height-column-flextable -flextable' ><div class='av-flex-placeholder'><\/div><div class=\"flex_column av_one_third  flex_column_table_cell av-equal-height-column av-align-middle av-zero-column-padding    \" style='border-radius:0px; '><div class='avia-button-wrap avia-button-center  '><a href='http:\/\/www.kimetal.it\/es\/' class='avia-button   avia-icon_select-no avia-color-dark avia-size-x-large avia-position-center '  target=\"_blank\"   ><span class='avia_iconbox_title' >Kimetal s.r.l.<\/span><\/a><\/div><\/div><\/div><!--close column table wrapper. Autoclose: 1 --><\/div><\/div><\/div><!-- close content main div --><\/div><\/div><\/div><div id='after_section_2' class='main_color av_default_container_wrap container_wrap sidebar_right'   ><div class='container' ><div class='template-page content  av-content-small alpha units'><div class='post-entry post-entry-type-page post-entry-335'><div class='entry-content-wrapper clearfix'>\n","protected":false},"excerpt":{"rendered":"","protected":false},"author":1,"featured_media":0,"parent":0,"menu_order":0,"comment_status":"closed","ping_status":"closed","template":"","meta":{"footnotes":""},"_links":{"self":[{"href":"https:\/\/www.gruppoferrero.it\/es\/wp-json\/wp\/v2\/pages\/335\/"}],"collection":[{"href":"https:\/\/www.gruppoferrero.it\/es\/wp-json\/wp\/v2\/pages\/"}],"about":[{"href":"https:\/\/www.gruppoferrero.it\/es\/wp-json\/wp\/v2\/types\/page\/"}],"author":[{"embeddable":true,"href":"https:\/\/www.gruppoferrero.it\/es\/wp-json\/wp\/v2\/users\/1\/"}],"replies":[{"embeddable":true,"href":"https:\/\/www.gruppoferrero.it\/es\/wp-json\/wp\/v2\/comments\/?post=335"}],"version-history":[{"count":12,"href":"https:\/\/www.gruppoferrero.it\/es\/wp-json\/wp\/v2\/pages\/335\/revisions\/"}],"predecessor-version":[{"id":608,"href":"https:\/\/www.gruppoferrero.it\/es\/wp-json\/wp\/v2\/pages\/335\/revisions\/608\/"}],"wp:attachment":[{"href":"https:\/\/www.gruppoferrero.it\/es\/wp-json\/wp\/v2\/media\/?parent=335"}],"curies":[{"name":"wp","href":"https:\/\/api.w.org\/{rel}","templated":true}]}}